{"id":32,"date":"2015-04-08T15:34:50","date_gmt":"2015-04-08T15:34:50","guid":{"rendered":"https:\/\/www.neweconomygroup.ca\/wordpress\/?page_id=32"},"modified":"2020-03-25T12:51:59","modified_gmt":"2020-03-25T16:51:59","slug":"clients","status":"publish","type":"page","link":"https:\/\/neweconomygroup.ca\/?page_id=32","title":{"rendered":"CLIENTS"},"content":{"rendered":"\n<figure class=\"wp-block-image size-large\"><img loading=\"lazy\" decoding=\"async\" width=\"1024\" height=\"274\" src=\"http:\/\/neweconomygroup.ca\/wordpress\/wp-content\/uploads\/2015\/04\/collage3-1024x274.jpg\" alt=\"\" class=\"wp-image-202\" srcset=\"https:\/\/neweconomygroup.ca\/wordpress\/wp-content\/uploads\/2015\/04\/collage3-1024x274.jpg 1024w, https:\/\/neweconomygroup.ca\/wordpress\/wp-content\/uploads\/2015\/04\/collage3-300x80.jpg 300w, https:\/\/neweconomygroup.ca\/wordpress\/wp-content\/uploads\/2015\/04\/collage3.jpg 1500w\" sizes=\"auto, (max-width: 1024px) 100vw, 1024px\" \/><\/figure>\n\n\n\n<p>New Economy has worked with all levels of government in Canada as well as many different non-governmental and community organizations, national and international, and a number of Aboriginal organizations across Canada. <\/p>\n\n\n\n<h4 class=\"wp-block-heading\"><strong>GOVERNMENT DEPARTMENTS<\/strong><\/h4>\n\n\n\n<hr class=\"wp-block-separator\"\/>\n\n\n\n<h5 class=\"wp-block-heading\"><em>Government of Canada<\/em><\/h5>\n\n\n\n<ul class=\"wp-block-list\"><li>Agriculture and Agri-Food Canada\n<ul><li>Rural Secretariat<\/li><\/ul>\n<\/li><li>Atlantic Canada Opportunity Agency<\/li><li>Canada Employment and Immigration Commission (Ottawa)<\/li><li>Canadian Heritage\n<ul><li>Multiculturalism Branch<\/li><\/ul>\n<\/li><li>Canadian International Development Agency\n<ul><li>Asia Branch<\/li><li>Canadian Partnership Branch, Audit and Evaluation Division<\/li><li>Canadian Partnership Branch, NGO Division<\/li><\/ul>\n<\/li><li>Carrefour de relance de l&#8217;\u00e9conomie et de l&#8217;emploi du Centre de Qu\u00e9bec<\/li><li>Children&#8217;s Bureau of Health Canada<\/li><li>Consulting and Audit Canada &amp; PCO and Heritage Canada<\/li><li>Department of Finance of Canada (Ottawa)<\/li><li>Department of Foreign Affairs and International Trade\n<ul><li>Bureau of Assistance for Central and Eastern Europe<\/li><\/ul>\n<\/li><li>Environment Canada<\/li><li>Health and Welfare Canada (Ottawa)<\/li><li>Health Canada (Montreal)<\/li><li>Human Resources Development Canada\n<ul><li>Aboriginal Relations Office<\/li><li>Office of Learning Technologies<\/li><li>National Welfare Grants (Regina)<\/li><li>National Welfare Grants (Wolfville, NS)<\/li><li>Systems Branch<\/li><li>Youth Initiatives Program<\/li><\/ul>\n<\/li><li>Human Resources &amp; Skills Development Canada<\/li><li>Indian and Northern Affairs Canada\n<ul><li>Audit and Evaluation Branch<\/li><li>Economic Development Branch<\/li><li>Human Resources Branch<\/li><\/ul>\n<\/li><li>Industry Canada (Ottawa)\n<ul><li>Quebec Bureau of Regional Development (Montr\u00e9al)<\/li><\/ul>\n<\/li><li>Justice Canada (Ottawa), Working Advisory Group of the Access to Justice Network<\/li><li>Natural Resources Canada (Ottawa)<\/li><li>Ontario Ministry of Municipal Affairs\n<ul><li>Rural Programs Branch, Guelph<\/li><\/ul>\n<\/li><li>Privy Council Office\n<ul><li>Cities Secretariat<\/li><\/ul>\n<\/li><li>Secretary of State<\/li><li>Social Development Canada<\/li><\/ul>\n\n\n\n<h5 class=\"wp-block-heading\"><em>Government of the Northwest Territories<\/em><\/h5>\n\n\n\n<h5 class=\"wp-block-heading\"><em>Government of Nunavut<\/em><\/h5>\n\n\n\n<ul class=\"wp-block-list\"><li>Nunavut Economic Forum<\/li><\/ul>\n\n\n\n<h5 class=\"wp-block-heading\"><em>Government of Ontario<\/em><\/h5>\n\n\n\n<ul class=\"wp-block-list\"><li>City of Ottawa<\/li><li>Ministry of Municipal Affairs and Housing<\/li><li>Ministry of Agriculture and Food<\/li><li>Ontario Farm Products Marketing Commission<\/li><\/ul>\n\n\n\n<h5 class=\"wp-block-heading\"><em>Government of Yukon<\/em><\/h5>\n\n\n\n<h4 class=\"wp-block-heading\"><strong>NON-GOVERNMENT ORGANIZATIONS, COMMUNITY &amp; VOLUNTEER ORGANIZATIONS:<\/strong> <\/h4>\n\n\n\n<ul class=\"wp-block-list\"><li>Association of Canadian Universities for Northern Studies<\/li><li>Aga Khan Foundation of Canada<\/li><li>Atlantic Canada Opportunity Agency<\/li><li>Brew-on-Premises Association of Ontario<\/li><li>Caisse Trillium (Gloucester)<\/li><li>Canada World Youth, (Montreal)<\/li><li>Canadian Association for the Study of International Development<\/li><li>Canadian CED Network (All regions)<\/li><li>Canadian Federation of Agriculture<\/li><li>Canadian Labour Market and Productivity Center<\/li><li>Centre Amitie Autochtone (Val d&#8217;Or, Quebec)<\/li><li>Coalition of National Voluntary Organizations (National)<\/li><li>Concordia University, School of Community &amp; Public Affairs<\/li><li>Community Economic Development Technical Assistance Program (CEDTAP)<\/li><li>Community Futures Committee of Prescott-Russell (Hawkesbury, Ontario)<\/li><li>Federation of Canadian Municipalities<\/li><li>Great Northern Peninsula Development Corporation (Plum Point, NFLD)<\/li><li>International Development Research Centre (The)<\/li><li>North West River Industrial Association (Labrador)<\/li><li>Ontario Restaurants Association<\/li><li>Oxfam Canada<\/li><li>Ottawa Social Planning Council<\/li><li>Pan West Community Futures Network (Manitoba, Saskatchewan, Alberta &amp; B.C.)<\/li><li>Prescott-Russell Business Development Corporation (Hawkesbury, Ontario)<\/li><li>Regroupement pour la relance \u00e9conomique et sociale du Sud-Ouest (R\u00c9SO), Pointe St-Charles (Montreal)<\/li><li>Serenity Renewal for Families (Ottawa)<\/li><li>Soci\u00e9t\u00e9 Cascap\u00e9dia, Grand\u00e9-Cascap\u00e9dia, Quebec<\/li><li>Sudbury East Economic Development Corporation (Warren, Ontario)<\/li><li>Tamarack Institute (Waterloo, St. Michael\/Montreal, St. Catherine&#8217;s)<\/li><li>United Way of (Ottawa, Canada, Greater Toronto, Halifax Region)<\/li><li>VanCity Credit Union (Vancouver)<\/li><li>Voluntary Sector Forum (Ottawa)<\/li><li>World Bank (the), Eastern Africa Department<\/li><li>Work and Family Partnerships (Ottawa)<\/li><\/ul>\n\n\n\n<h4 class=\"wp-block-heading\"> <strong>ABORIGINAL ORGANIZATIONS:<\/strong> <\/h4>\n\n\n\n<ul class=\"wp-block-list\"><li>Aboriginal Workforce Participation Initiative (Ottawa)<\/li><li>Algonquians of Abitibiwinni (Pikogan, Quebec)<\/li><li>Algonquians of Barriere Lake (Rapid Lake)<\/li><li>Algonquin Council of Western Qu\u00e9bec (Val-d&#8217;Or, Quebec)<\/li><li>Centre Amiti\u00e9 Autochtone (Val d&#8217;Or, Quebec)<\/li><li>Cree Regional Authority (Montreal)<\/li><li>Cree Trappers&#8217; Association<\/li><li>Eeyou Economic Group-CFDC Inc. (Waswanipi, Quebec)<\/li><li>Grand Council of the Crees of Quebec<\/li><li>Inuit Communications Systems Ltd. (Iqaluit, N.W.T.)<\/li><li>Inuit Communities and Associations in the Kitikmeot Region of Nunavut<\/li><li>Inuit Tapiriiksat Kanatami (Ottawa)<\/li><li>Kativik Regional Government (Kuujjuaq)<\/li><li>Kativik Regional Government (Nunavik)<\/li><li>Kativik School Board (Dorval, Quebec)<\/li><li>Kitigan Zibi Band Council (Quebec)<\/li><li>KRG &#8211; HRDC Evaluation Committee (Kuujjuaq and Ottawa)<\/li><li>Local Aboriginal Management Board of Abitibi-T\u00e9miscamingue (Val d&#8217;Or, Quebec)<\/li><li>Montagnais of Mashteuiatsh and Finance Canada (Ottawa)<\/li><li>Naskapis of Quebec (Kawawachikamach)<\/li><li>National Aboriginal Forestry Association (Ottawa)<\/li><li>National Aboriginal Steering Committee (INAC funded project)<\/li><li>Ohwistha Capital Corporation (Cornwall)<\/li><li>Qu\u00e9bec Native Women Inc. (Montreal)<\/li><li>Regional Aboriginal Management Board of Quebec<\/li><li>Royal Commission on Aboriginal Peoples<\/li><li>Saskatchewan Indian Institute of Technologies (Saskatoon)<\/li><li>St\u00f3:L\u00f6 Nation Human Resources Development<\/li><li>Walpole Island First Nation<\/li><li>Whapmagoostui Eeyou Enterprises Development Corporation (WEEDCo) (Quebec)<\/li><li>Windigo First Nations Council (Sioux Lookout, Ontario)<\/li><\/ul>\n","protected":false},"excerpt":{"rendered":"<p>New Economy has worked with all levels of government in Canada as well as many different non-governmental and community organizations, &hellip; <a href=\"https:\/\/neweconomygroup.ca\/?page_id=32\" class=\"more-link\">More <span class=\"screen-reader-text\">CLIENTS<\/span> <span class=\"meta-nav\">&rarr;<\/span><\/a><\/p>\n","protected":false},"author":1,"featured_media":0,"parent":0,"menu_order":0,"comment_status":"closed","ping_status":"closed","template":"","meta":{"footnotes":""},"class_list":["post-32","page","type-page","status-publish","hentry"],"_links":{"self":[{"href":"https:\/\/neweconomygroup.ca\/index.php?rest_route=\/wp\/v2\/pages\/32","targetHints":{"allow":["GET"]}}],"collection":[{"href":"https:\/\/neweconomygroup.ca\/index.php?rest_route=\/wp\/v2\/pages"}],"about":[{"href":"https:\/\/neweconomygroup.ca\/index.php?rest_route=\/wp\/v2\/types\/page"}],"author":[{"embeddable":true,"href":"https:\/\/neweconomygroup.ca\/index.php?rest_route=\/wp\/v2\/users\/1"}],"replies":[{"embeddable":true,"href":"https:\/\/neweconomygroup.ca\/index.php?rest_route=%2Fwp%2Fv2%2Fcomments&post=32"}],"version-history":[{"count":25,"href":"https:\/\/neweconomygroup.ca\/index.php?rest_route=\/wp\/v2\/pages\/32\/revisions"}],"predecessor-version":[{"id":642,"href":"https:\/\/neweconomygroup.ca\/index.php?rest_route=\/wp\/v2\/pages\/32\/revisions\/642"}],"wp:attachment":[{"href":"https:\/\/neweconomygroup.ca\/index.php?rest_route=%2Fwp%2Fv2%2Fmedia&parent=32"}],"curies":[{"name":"wp","href":"https:\/\/api.w.org\/{rel}","templated":true}]}}