{"id":21,"date":"2015-04-08T15:16:21","date_gmt":"2015-04-08T15:16:21","guid":{"rendered":"https:\/\/www.neweconomygroup.ca\/wordpress\/?page_id=21"},"modified":"2021-03-11T15:22:14","modified_gmt":"2021-03-11T20:22:14","slug":"associates","status":"publish","type":"page","link":"https:\/\/neweconomygroup.ca\/?page_id=21","title":{"rendered":"Associates"},"content":{"rendered":"\n<h1 class=\"wp-block-heading\">Senior Associates<\/h1>\n\n\n\n<p>Each Associate brings with her\/him a track record of experience in a particular field which is designed to complement the capacity of other members of the project team. Associates may be based near the Ottawa headquarters of the firm, although often they are located elsewhere in Canada and bring to bear their regional perspectives. Throughout its fifteen years of operations, New Economy Development Group has created joint national-regional teams to tackle national program or project evaluations, reviews and research. More recently, its Associates have acted as technical assistance providers to community-based groups wishing to plan, revitalize or to innovate to create sustainable and healthy livelihoods. Our Associates bring with them a variety of cultural and linguistic skills and interests, as well as specialized skills and knowledge.<\/p>\n\n\n\n<h2 class=\"wp-block-heading\">Canadian<\/h2>\n\n\n\n<hr class=\"wp-block-separator is-style-wide\"\/>\n\n\n\n<h3 class=\"wp-block-heading\">Dal Brodhead,&nbsp;Principal and Chief Executive Officer<\/h3>\n\n\n\n<div class=\"wp-block-image\"><figure class=\"alignleft is-resized\"><a href=\"https:\/\/www.neweconomygroup.ca\/wordpress\/wp-content\/uploads\/2015\/04\/Dal-Brodhead1.jpg\"><img loading=\"lazy\" decoding=\"async\" src=\"https:\/\/www.neweconomygroup.ca\/wordpress\/wp-content\/uploads\/2015\/04\/Dal-Brodhead1-217x300.jpg\" alt=\"Dal Brodhead\" class=\"wp-image-152\" width=\"150\" height=\"204\"\/><\/a><\/figure><\/div>\n\n\n\n<p>Dal Brodhead is Principal and the Chief Executive Officer of the New Economy Development Group Inc. He manages a portfolio of consulting projects in Canada in the fields of community economic and rural development, citizen engagement, and participatory evaluation.<\/p>\n\n\n\n<p>Read <a href=\"https:\/\/neweconomygroup.ca\/?page_id=19#Dal\" target=\"_blank\" rel=\"noreferrer noopener\" aria-label=\" (opens in a new tab)\">mor<\/a><a rel=\"noreferrer noopener\" aria-label=\" (opens in a new tab)\" href=\"https:\/\/neweconomygroup.ca\/wordpress\/?page_id=Dal\" target=\"_blank\">e<\/a><\/p>\n\n\n\n<div style=\"height:58px\" aria-hidden=\"true\" class=\"wp-block-spacer\"><\/div>\n\n\n\n<hr class=\"wp-block-separator is-style-wide\"\/>\n\n\n\n<h2 class=\"wp-block-heading\">Ricardo Ramirez<\/h2>\n\n\n\n<div class=\"wp-block-image\"><figure class=\"alignleft is-resized\"><img loading=\"lazy\" decoding=\"async\" src=\"http:\/\/neweconomygroup.ca\/wordpress\/wp-content\/uploads\/2018\/11\/Ricardo-2018.jpg\" alt=\"\" class=\"wp-image-440\" width=\"130\" height=\"190\" srcset=\"https:\/\/neweconomygroup.ca\/wordpress\/wp-content\/uploads\/2018\/11\/Ricardo-2018.jpg 436w, https:\/\/neweconomygroup.ca\/wordpress\/wp-content\/uploads\/2018\/11\/Ricardo-2018-204x300.jpg 204w\" sizes=\"auto, (max-width: 130px) 100vw, 130px\" \/><\/figure><\/div>\n\n\n\n<p>Dr. Ricardo Ram\u00edrez is a researcher and consultant, based in Guelph, Ontario, Canada. He has experience in the fields of evaluation and communication for development in rural and remote settings.<\/p>\n\n\n\n<p>Read <a href=\"https:\/\/neweconomygroup.ca\/wordpress\/?page_id=19#Ricardo\" target=\"_blank\" rel=\"noreferrer noopener\" aria-label=\" (opens in a new tab)\">more<\/a><\/p>\n\n\n\n<div style=\"height:58px\" aria-hidden=\"true\" class=\"wp-block-spacer\"><\/div>\n\n\n\n<hr class=\"wp-block-separator is-style-wide\"\/>\n\n\n\n<h2 class=\"wp-block-heading\">John Reid<\/h2>\n\n\n\n<div class=\"wp-block-image\"><figure class=\"alignleft is-resized\"><a href=\"https:\/\/www.neweconomygroup.ca\/wordpress\/wp-content\/uploads\/2015\/04\/John-Reid.jpg\"><img loading=\"lazy\" decoding=\"async\" src=\"https:\/\/www.neweconomygroup.ca\/wordpress\/wp-content\/uploads\/2015\/04\/John-Reid-300x236.jpg\" alt=\"John Reid\" class=\"wp-image-146\" width=\"156\" height=\"122\" srcset=\"https:\/\/neweconomygroup.ca\/wordpress\/wp-content\/uploads\/2015\/04\/John-Reid-300x236.jpg 300w, https:\/\/neweconomygroup.ca\/wordpress\/wp-content\/uploads\/2015\/04\/John-Reid-1024x805.jpg 1024w\" sizes=\"auto, (max-width: 156px) 100vw, 156px\" \/><\/a><\/figure><\/div>\n\n\n\n<p>John Reid has 25 years of national and international experience.&nbsp; addressing the environmental and community development concerns of Aboriginal, rural and urban communities, and public and private sector clients.<\/p>\n\n\n\n<p>Read <a href=\"https:\/\/neweconomygroup.ca\/wordpress\/?page_id=19#John\" target=\"_blank\" rel=\"noreferrer noopener\" aria-label=\" (opens in a new tab)\">more<\/a><\/p>\n\n\n\n<div style=\"height:24px\" aria-hidden=\"true\" class=\"wp-block-spacer\"><\/div>\n\n\n\n<hr class=\"wp-block-separator is-style-wide\"\/>\n\n\n\n<h3 class=\"wp-block-heading\">Wendy Quarry<\/h3>\n\n\n\n<div class=\"wp-block-image\"><figure class=\"alignleft is-resized\"><a href=\"https:\/\/www.neweconomygroup.ca\/wordpress\/wp-content\/uploads\/2015\/04\/Wendy-Quarry-1.jpeg\"><img loading=\"lazy\" decoding=\"async\" src=\"https:\/\/www.neweconomygroup.ca\/wordpress\/wp-content\/uploads\/2015\/04\/Wendy-Quarry-1.jpeg\" alt=\"Wendy Quarry 1\" class=\"wp-image-233\" width=\"160\" height=\"160\" srcset=\"https:\/\/neweconomygroup.ca\/wordpress\/wp-content\/uploads\/2015\/04\/Wendy-Quarry-1.jpeg 292w, https:\/\/neweconomygroup.ca\/wordpress\/wp-content\/uploads\/2015\/04\/Wendy-Quarry-1-150x150.jpeg 150w, https:\/\/neweconomygroup.ca\/wordpress\/wp-content\/uploads\/2015\/04\/Wendy-Quarry-1-280x280.jpeg 280w\" sizes=\"auto, (max-width: 160px) 100vw, 160px\" \/><\/a><\/figure><\/div>\n\n\n\n<p>Wendy Quarry, based in Canada, is an independent consultant,&nbsp; specialing in social (development) communication, monitoring and evaluation and institutional capacity building.<\/p>\n\n\n\n<p>Read <a href=\"https:\/\/neweconomygroup.ca\/wordpress\/?page_id=19#Wendy\" target=\"_blank\" rel=\"noreferrer noopener\" aria-label=\" (opens in a new tab)\">more<\/a><\/p>\n\n\n\n<div style=\"height:58px\" aria-hidden=\"true\" class=\"wp-block-spacer\"><\/div>\n\n\n\n<hr class=\"wp-block-separator is-style-wide\"\/>\n\n\n\n<h3 class=\"wp-block-heading\">Mary Brodhead<\/h3>\n\n\n\n<div class=\"wp-block-image\"><figure class=\"alignleft is-resized\"><img loading=\"lazy\" decoding=\"async\" src=\"http:\/\/neweconomygroup.ca\/wordpress\/wp-content\/uploads\/2018\/11\/Mary-B-2018-e1543255595588.jpg\" alt=\"\" class=\"wp-image-424\" width=\"154\" height=\"146\"\/><\/figure><\/div>\n\n\n\n<p>Mary Brodheadis an Ottawa-based leadership and learning specialist. Mary Brodhead has more than 25 years\u2019 experience in learning, career development, coaching \/ mentoring, management development, human resources management.<\/p>\n\n\n\n<p>Read <a href=\"https:\/\/neweconomygroup.ca\/wordpress\/?page_id=19#Mary\" target=\"_blank\" rel=\"noreferrer noopener\" aria-label=\" (opens in a new tab)\">more<\/a><\/p>\n\n\n\n<div style=\"height:27px\" aria-hidden=\"true\" class=\"wp-block-spacer\"><\/div>\n\n\n\n<hr class=\"wp-block-separator is-style-wide\"\/>\n\n\n\n<h3 class=\"wp-block-heading\">Guylaine Leclerc<\/h3>\n\n\n\n<div class=\"wp-block-image\"><figure class=\"alignleft is-resized\"><img loading=\"lazy\" decoding=\"async\" src=\"https:\/\/www.neweconomygroup.ca\/wordpress\/wp-content\/uploads\/2015\/04\/Guylaine-Leclerc-200x300.jpg\" alt=\"Guylaine Leclerc\" class=\"wp-image-97\" width=\"150\" height=\"225\" srcset=\"https:\/\/neweconomygroup.ca\/wordpress\/wp-content\/uploads\/2015\/04\/Guylaine-Leclerc-200x300.jpg 200w, https:\/\/neweconomygroup.ca\/wordpress\/wp-content\/uploads\/2015\/04\/Guylaine-Leclerc.jpg 500w\" sizes=\"auto, (max-width: 150px) 100vw, 150px\" \/><\/figure><\/div>\n\n\n\n<p>Guylaine Leclerc is an enthusiastic translator who has worked in this field for over seventeen years. She is a \u00a0certified translator and member of Ordre des traducteurs, terminologues et interpr\u00e8tes agr\u00e9\u00e9s du Qu\u00e9bec. Her \u00a0experience in domains such as community economic development, business administration, finance, \u00a0women\u2019s health and violence against women are very useful to help her understand and render accurate t \u00a0translations for a wide variety of clients.<\/p>\n\n\n\n<p>She has offered translation services to New Economic Development Group, besides being involved with a &nbsp;couple of research teams.<\/p>\n\n\n\n<p>Guylaine has been the Executive Director of the largest Francophone rural women\u2019s group in Ontario for over &nbsp;20 years.<\/p>\n\n\n\n<hr class=\"wp-block-separator is-style-wide\"\/>\n\n\n\n<h1 class=\"wp-block-heading\">International<\/h1>\n\n\n\n<h2 class=\"wp-block-heading\">Dr. Sonal D. Zaveri<\/h2>\n\n\n\n<div class=\"wp-block-image\"><figure class=\"alignleft is-resized\"><img loading=\"lazy\" decoding=\"async\" src=\"http:\/\/neweconomygroup.ca\/wordpress\/wp-content\/uploads\/2018\/11\/Sonal-Zaveri.jpg\" alt=\"\" class=\"wp-image-430\" width=\"150\" height=\"186\"\/><\/figure><\/div>\n\n\n\n<p>Sonal Zaveri is an independent consultant with 25 years experience in strategic planning, capacity building and evaluation. She has worked in&nbsp;Asia, East and West Africa, Asia-Pacific, Central Asia, Middle East and Eastern Europe. Sonal\u2019s interests relate to how rights, participation and gender intersect. She has various publications and webinars to her credit. She has evaluated UNICEF\u2019s Summer Internship Program in India and is currently a team member evaluating a global feminist consortium. She is a gender expert and an advisor to the IDRC and Ford Foundation supported <a href=\"http:\/\/www.feministevaluation.org\">feminist evaluation network in India<\/a>, gender expert, convener of the first gender and <a href=\"http:\/\/gendereval.ning.com\/\">evaluation<\/a> course in India and core member of the S2SE \u2013 the Global South to South Evaluation initiative. She is a founder member and Vice-President of the <a href=\"http:\/\/www.communityofevaluators.org\">South Asia Evaluation Society<\/a>, represents South Asia in the EvalGender+ Management Group globally and is the Convener of GENSA, Gender and Equity Network South Asia. She is an expert in <a href=\"https:\/\/evaluationandcommunicationinpractice.net\/\">Utilization<\/a> focused evaluation, <a href=\"https:\/\/www.outcomemapping.ca\/\">Outcome<\/a> Mapping, participatory and <a href=\"http:\/\/www.isstindia.org\/publications\/1465391379_pub_ISST_Resource_Pack_2016.pdf\">feminist<\/a> approaches to evaluation. She is fluent in English and three Indian languages. She has been a member\/mentor with the DECI 1, 2 and 3 projects.<\/p>\n\n\n\n<p>Dr. Sonal Zaveri is a Fleishman Fellow with Duke University, USA and has a PhD in Social Work from the University of Pune, India<\/p>\n\n\n\n<p>She has a Master of Arts in Medical and Psychiatric Social Work from the Tata Institute of Social Science, Mumbai India and is the Recipient of Jawaharlal Nehru Memorial Award for academic excellence.<\/p>\n\n\n\n<hr class=\"wp-block-separator is-style-wide\"\/>\n\n\n\n<h3 class=\"wp-block-heading\">Julius Nyabuto Nyangaga<\/h3>\n\n\n\n<div class=\"wp-block-image\"><figure class=\"alignleft is-resized\"><img loading=\"lazy\" decoding=\"async\" src=\"http:\/\/neweconomygroup.ca\/wordpress\/wp-content\/uploads\/2018\/11\/Julius-Nyangaga-2018.jpg\" alt=\"\" class=\"wp-image-431\" width=\"151\" height=\"229\"\/><\/figure><\/div>\n\n\n\n<p>Julius Nyangaga is a consultant with Right Track Africa, a Nairobi-based consortium of professionals that supports clients in strategy development, system characterizations (baseline studies), facilitating forums for innovative decision-making, and monitoring and evaluation. He is especially trained and experienced in integrating and learning from outcome-oriented thinking and evidence-based approaches (Outcome Mapping and Outcome Harvesting) in all aspects of project management. He has developed knowledge and skills in utilization-focused evaluation, applying the approach to several IDRC\u2019s Information and Networks (I&amp;N) projects in Africa. He has applied the same expertise to several project assessments in East Africa, the most notable being MasterCard Foundation-funded CAP YEI youth development program in Kenya. Julius has been a member\/mentor of the DECI 2 and 3 projects.<\/p>\n\n\n\n<hr class=\"wp-block-separator is-style-wide\"\/>\n\n\n\n<h3 class=\"wp-block-heading\">Joaquin Navas<\/h3>\n\n\n\n<div class=\"wp-block-image\"><figure class=\"alignleft is-resized\"><img loading=\"lazy\" decoding=\"async\" src=\"http:\/\/neweconomygroup.ca\/wordpress\/wp-content\/uploads\/2018\/11\/Joaquin-Navas-2018.jpg\" alt=\"\" class=\"wp-image-432\" width=\"159\" height=\"162\"\/><\/figure><\/div>\n\n\n\n<p>Joaquin Navas is an independent evaluation consultant with 8 years of experience in Utilization-Focused Evaluation and Developmental Evaluation in international development projects.&nbsp;He holds a M.Sc. in Capacity Development and is based in Montreal. As part of the DECI Team, in recent years (2012-2017), he has acted as an evaluation mentor, contributing to capacity development in projects that have been hosted by institutions such as the Munk School of Global Affairs at the University of Toronto and the Avina Foundation (Brazil).<\/p>\n\n\n\n<p>Joaquin has extensive experience in Latin America and is fluent in English, French and Spanish. Joaquin and Dal recently completed a mission to Burkina Faso to meet with Open Burkina, an open data IDRC project.<\/p>\n\n\n\n<hr class=\"wp-block-separator is-style-wide\"\/>\n","protected":false},"excerpt":{"rendered":"<p>Senior Associates Each Associate brings with her\/him a track record of experience in a particular field which is designed to &hellip; <a href=\"https:\/\/neweconomygroup.ca\/?page_id=21\" class=\"more-link\">More <span class=\"screen-reader-text\">Associates<\/span> <span class=\"meta-nav\">&rarr;<\/span><\/a><\/p>\n","protected":false},"author":1,"featured_media":0,"parent":28,"menu_order":2,"comment_status":"closed","ping_status":"closed","template":"page-templates\/no-sidebar-left.php","meta":{"footnotes":""},"class_list":["post-21","page","type-page","status-publish","hentry"],"_links":{"self":[{"href":"https:\/\/neweconomygroup.ca\/index.php?rest_route=\/wp\/v2\/pages\/21","targetHints":{"allow":["GET"]}}],"collection":[{"href":"https:\/\/neweconomygroup.ca\/index.php?rest_route=\/wp\/v2\/pages"}],"about":[{"href":"https:\/\/neweconomygroup.ca\/index.php?rest_route=\/wp\/v2\/types\/page"}],"author":[{"embeddable":true,"href":"https:\/\/neweconomygroup.ca\/index.php?rest_route=\/wp\/v2\/users\/1"}],"replies":[{"embeddable":true,"href":"https:\/\/neweconomygroup.ca\/index.php?rest_route=%2Fwp%2Fv2%2Fcomments&post=21"}],"version-history":[{"count":28,"href":"https:\/\/neweconomygroup.ca\/index.php?rest_route=\/wp\/v2\/pages\/21\/revisions"}],"predecessor-version":[{"id":702,"href":"https:\/\/neweconomygroup.ca\/index.php?rest_route=\/wp\/v2\/pages\/21\/revisions\/702"}],"up":[{"embeddable":true,"href":"https:\/\/neweconomygroup.ca\/index.php?rest_route=\/wp\/v2\/pages\/28"}],"wp:attachment":[{"href":"https:\/\/neweconomygroup.ca\/index.php?rest_route=%2Fwp%2Fv2%2Fmedia&parent=21"}],"curies":[{"name":"wp","href":"https:\/\/api.w.org\/{rel}","templated":true}]}}